

{"id":9,"date":"2019-07-23T15:51:58","date_gmt":"2019-07-23T12:51:58","guid":{"rendered":"http:\/\/www.hamsac.org\/?page_id=9"},"modified":"2022-10-26T11:07:30","modified_gmt":"2022-10-26T08:07:30","slug":"ana-sayfa","status":"publish","type":"page","link":"http:\/\/www.hamsac.org\/","title":{"rendered":"Ana Sayfa"},"content":{"rendered":"\n<figure class=\"wp-block-image alignwide\"><img loading=\"lazy\" decoding=\"async\" width=\"1024\" height=\"576\" src=\"http:\/\/www.hamsac.org\/wp-content\/uploads\/2019\/07\/maxresdefault-1024x576.jpg\" alt=\"\" class=\"wp-image-10\" srcset=\"http:\/\/www.hamsac.org\/wp-content\/uploads\/2019\/07\/maxresdefault-1024x576.jpg 1024w, http:\/\/www.hamsac.org\/wp-content\/uploads\/2019\/07\/maxresdefault-300x169.jpg 300w, http:\/\/www.hamsac.org\/wp-content\/uploads\/2019\/07\/maxresdefault-768x432.jpg 768w, http:\/\/www.hamsac.org\/wp-content\/uploads\/2019\/07\/maxresdefault.jpg 1280w\" sizes=\"auto, (max-width: 1024px) 100vw, 1024px\" \/><figcaption>Ham Sa\u00e7 Nedir ? Nelere Dikkat Etmelisiniz ?<\/figcaption><\/figure>\n\n\n\n<h2 class=\"wp-block-heading\">Ham Sa\u00e7 Merkezi %100 Do\u011fal <\/h2>\n\n\n\n<p>Ham sa\u00e7 merkezi <strong>sizlere %100 1. Kalite do\u011fal insan sa\u00e7\u0131 ile  haz\u0131rlanan sa\u00e7 kaynaklar\u0131n\u0131n, \u00e7\u0131t \u00e7\u0131t sa\u00e7 posti\u015f ve peruk \u00fcr\u00fcnlerinde en  do\u011fal g\u00f6r\u00fcn\u00fcm ve do\u011fal sa\u00e7lar\u0131n\u0131z\u0131n yerini tutabilecek en iyi ham sa\u00e7  ihtiyac\u0131n\u0131z\u0131 kar\u015f\u0131lamaktad\u0131r<\/strong>. Ham sa\u00e7 merkezi en iyi kalitedeki sa\u00e7lar\u0131 GARANT\u0130L\u0130 sunmatad\u0131r.    Ham sa\u00e7 sat\u0131n ala\u0131rken %100 platine kadar a\u00e7\u0131l\u0131p a\u00e7\u0131lmad\u0131\u011f\u0131n\u0131 ve sa\u00e7  kaynak yap\u0131ld\u0131\u011f\u0131nda dola\u015fma ve kar\u0131\u015fma olup olmad\u0131\u011f\u0131n\u0131 mutlaka sorun.  AAAAAAA Grade Remy Virgin Hair <strong>yani En iyi kalite sa\u00e7lar\u0131 bulabilece\u011finiz<\/strong>, Ham Sa\u00e7 \u0130thalatc\u0131s\u0131 ve Toptanc\u0131s\u0131 SACH markas\u0131 ile  sizlere sadece 1. Kalite ham sa\u00e7 sat\u0131\u015f\u0131 yapmaktad\u0131r. Ham sa\u00e7 \u00fcr\u00fcnlerinde fresi al\u0131nm\u0131\u015f %100 do\u011fal i\u015flem g\u00f6rmemi\u015f  sa\u00e7lar sat\u0131\u015fa sunulmaktad\u0131r  HAM SA\u00c7 \u00fcr\u00fcnleri sat\u0131\u015fa sunulmadan \u00f6nce \u015fampun ile y\u0131kan\u0131p do\u011fal bir \u015fekilde kurutulmaktad\u0131r,  sa\u00e7lar y\u0131kand\u0131ktan sonra sar\u0131n ald\u0131\u011f\u0131n\u0131z formda kalmaktad\u0131r. . <\/p>\n\n\n\n<blockquote class=\"wp-block-quote has-text-align-center is-layout-flow wp-block-quote-is-layout-flow\"><p> &#8220;HAM SA\u00c7 SATI\u015e MERKEZ\u0130 0532 592 88 42&#8221;<\/p><cite> SACH PERUK &amp; SA\u00c7 KAYNAK MERKEZ\u0130<\/cite><\/blockquote>\n\n\n\n<p><\/p>\n","protected":false},"excerpt":{"rendered":"<p>Ham Sa\u00e7 Merkezi %100 Do\u011fal Ham sa\u00e7 merkezi sizlere %100 1. Kalite do\u011fal insan sa\u00e7\u0131 ile haz\u0131rlanan sa\u00e7 kaynaklar\u0131n\u0131n, \u00e7\u0131t \u00e7\u0131t sa\u00e7 posti\u015f ve peruk \u00fcr\u00fcnlerinde en do\u011fal g\u00f6r\u00fcn\u00fcm ve do\u011fal sa\u00e7lar\u0131n\u0131z\u0131n yerini tutabilecek en iyi ham sa\u00e7 ihtiyac\u0131n\u0131z\u0131 kar\u015f\u0131lamaktad\u0131r. Ham sa\u00e7 merkezi en iyi kalitedeki sa\u00e7lar\u0131<\/p>\n","protected":false},"author":1,"featured_media":0,"parent":0,"menu_order":0,"comment_status":"closed","ping_status":"closed","template":"page-FullWidth.php","meta":{"footnotes":""},"tags":[3,5,4,10,6,8,9],"class_list":["post-9","page","type-page","status-publish","hentry","tag-ham-sac","tag-ham-sac-nedir","tag-ham-sac-satis","tag-peruk","tag-sac-kaynak","tag-sac-kaynak-merkezi","tag-sach"],"aioseo_notices":[],"_links":{"self":[{"href":"http:\/\/www.hamsac.org\/index.php\/wp-json\/wp\/v2\/pages\/9","targetHints":{"allow":["GET"]}}],"collection":[{"href":"http:\/\/www.hamsac.org\/index.php\/wp-json\/wp\/v2\/pages"}],"about":[{"href":"http:\/\/www.hamsac.org\/index.php\/wp-json\/wp\/v2\/types\/page"}],"author":[{"embeddable":true,"href":"http:\/\/www.hamsac.org\/index.php\/wp-json\/wp\/v2\/users\/1"}],"replies":[{"embeddable":true,"href":"http:\/\/www.hamsac.org\/index.php\/wp-json\/wp\/v2\/comments?post=9"}],"version-history":[{"count":3,"href":"http:\/\/www.hamsac.org\/index.php\/wp-json\/wp\/v2\/pages\/9\/revisions"}],"predecessor-version":[{"id":137,"href":"http:\/\/www.hamsac.org\/index.php\/wp-json\/wp\/v2\/pages\/9\/revisions\/137"}],"wp:attachment":[{"href":"http:\/\/www.hamsac.org\/index.php\/wp-json\/wp\/v2\/media?parent=9"}],"wp:term":[{"taxonomy":"post_tag","embeddable":true,"href":"http:\/\/www.hamsac.org\/index.php\/wp-json\/wp\/v2\/tags?post=9"}],"curies":[{"name":"wp","href":"https:\/\/api.w.org\/{rel}","templated":true}]}}