

{"id":56,"date":"2019-07-23T16:40:36","date_gmt":"2019-07-23T13:40:36","guid":{"rendered":"http:\/\/www.hamsac.org\/?page_id=56"},"modified":"2023-10-12T17:35:32","modified_gmt":"2023-10-12T14:35:32","slug":"iletisim","status":"publish","type":"page","link":"http:\/\/www.hamsac.org\/index.php\/iletisim\/","title":{"rendered":"\u0130leti\u015fim"},"content":{"rendered":"\n<h4 class=\"wp-block-heading\">Ham Sa\u00e7 Merkezi \u0130leti\u015fim<\/h4>\n\n\n\n<h1 class=\"wp-block-heading\">Sach <strong>\u00ae <\/strong>Mikro Sa\u00e7 Kaynak Merkezi Adres.<\/h1>\n\n\n<div class=\"wp-block-image\">\n<figure class=\"aligncenter\"><a href=\"http:\/\/sackaynak.com.tr\/wp-content\/uploads\/2014\/11\/sach.jpg\" rel=\"wp-prettyPhoto[56]\"><img decoding=\"async\" src=\"http:\/\/sackaynak.com.tr\/wp-content\/uploads\/2014\/11\/sach-300x200.jpg\" alt=\"sach\" class=\"wp-image-11005\"\/><\/a><\/figure><\/div>\n\n\n<figure><iframe loading=\"lazy\" src=\"https:\/\/www.google.com\/maps\/embed?pb=!1m14!1m8!1m3!1d1505.9174643436645!2d28.7957697!3d40.9850953!3m2!1i1024!2i768!4f13.1!3m3!1m2!1s0x0%3A0x3ca5197afc9a675f!2sSACH+SA%C3%87+KAYNAK+MERKEZ%C4%B0!5e0!3m2!1str!2s!4v1425428846409\" width=\"600\" height=\"450\"><\/iframe><\/figure>\n\n\n\n<p><strong>SACH &amp; VOGUE HAIR FACTORY &amp; HEAD OFFICE<\/strong><\/p>\n\n\n\n<p><strong>Adres: \u015eENL\u0130KK\u00d6Y MAH. \u00dcN\u0130VERS\u0130TE SOK.\u00a0 NO:5, FLORYA, 34153, BAKIRK\u00d6Y, \u0130STANBUL, TURK\u0130YE<\/strong><\/p>\n\n\n\n<p><strong>TELEFON &amp; WhatsApp: +90 532 592 88 42 &nbsp; &nbsp;<\/strong><\/p>\n\n\n\n<p>Telefon: <strong>0212 542 48 85<\/strong><\/p>\n","protected":false},"excerpt":{"rendered":"<p>Ham Sa\u00e7 Merkezi \u0130leti\u015fim Sach \u00ae Mikro Sa\u00e7 Kaynak Merkezi Adres. SACH &amp; VOGUE HAIR FACTORY &amp; HEAD OFFICE Adres: \u015eENL\u0130KK\u00d6Y MAH. \u00dcN\u0130VERS\u0130TE SOK.\u00a0 NO:5, FLORYA, 34153, BAKIRK\u00d6Y, \u0130STANBUL, TURK\u0130YE TELEFON &amp; WhatsApp: +90 532 592 88 42 &nbsp; &nbsp; Telefon: 0212 542 48 85<\/p>\n","protected":false},"author":1,"featured_media":0,"parent":0,"menu_order":0,"comment_status":"closed","ping_status":"closed","template":"page-Contact.php","meta":{"footnotes":""},"tags":[],"class_list":["post-56","page","type-page","status-publish","hentry"],"aioseo_notices":[],"_links":{"self":[{"href":"http:\/\/www.hamsac.org\/index.php\/wp-json\/wp\/v2\/pages\/56","targetHints":{"allow":["GET"]}}],"collection":[{"href":"http:\/\/www.hamsac.org\/index.php\/wp-json\/wp\/v2\/pages"}],"about":[{"href":"http:\/\/www.hamsac.org\/index.php\/wp-json\/wp\/v2\/types\/page"}],"author":[{"embeddable":true,"href":"http:\/\/www.hamsac.org\/index.php\/wp-json\/wp\/v2\/users\/1"}],"replies":[{"embeddable":true,"href":"http:\/\/www.hamsac.org\/index.php\/wp-json\/wp\/v2\/comments?post=56"}],"version-history":[{"count":6,"href":"http:\/\/www.hamsac.org\/index.php\/wp-json\/wp\/v2\/pages\/56\/revisions"}],"predecessor-version":[{"id":156,"href":"http:\/\/www.hamsac.org\/index.php\/wp-json\/wp\/v2\/pages\/56\/revisions\/156"}],"wp:attachment":[{"href":"http:\/\/www.hamsac.org\/index.php\/wp-json\/wp\/v2\/media?parent=56"}],"wp:term":[{"taxonomy":"post_tag","embeddable":true,"href":"http:\/\/www.hamsac.org\/index.php\/wp-json\/wp\/v2\/tags?post=56"}],"curies":[{"name":"wp","href":"https:\/\/api.w.org\/{rel}","templated":true}]}}