

{"id":49,"date":"2019-07-23T16:33:24","date_gmt":"2019-07-23T13:33:24","guid":{"rendered":"http:\/\/www.hamsac.org\/?page_id=49"},"modified":"2022-03-27T17:23:59","modified_gmt":"2022-03-27T14:23:59","slug":"ham-sac-fiyatlari","status":"publish","type":"page","link":"http:\/\/www.hamsac.org\/index.php\/ham-sac-fiyatlari\/","title":{"rendered":"Ham Sa\u00e7 Fiyatlar\u0131"},"content":{"rendered":"\n<h4 class=\"wp-block-heading\">HAM SA\u00c7 F\u0130YATLARI K\u0130LO F\u0130YATI VE TOPTAN F\u0130YATLARI \u0130\u00c7\u0130N <strong>WhatsApp: +90 532 442 72 24<\/strong><\/h4>\n\n\n\n<figure class=\"wp-block-image\"><img loading=\"lazy\" decoding=\"async\" width=\"1024\" height=\"576\" src=\"http:\/\/www.hamsac.org\/wp-content\/uploads\/2019\/07\/ham-sac-1024x576.jpg\" alt=\"\" class=\"wp-image-50\" srcset=\"http:\/\/www.hamsac.org\/wp-content\/uploads\/2019\/07\/ham-sac-1024x576.jpg 1024w, http:\/\/www.hamsac.org\/wp-content\/uploads\/2019\/07\/ham-sac-300x169.jpg 300w, http:\/\/www.hamsac.org\/wp-content\/uploads\/2019\/07\/ham-sac-768x432.jpg 768w, http:\/\/www.hamsac.org\/wp-content\/uploads\/2019\/07\/ham-sac.jpg 1280w\" sizes=\"auto, (max-width: 1024px) 100vw, 1024px\" \/><figcaption> Ham Sa\u00e7 Fiyatlar\u0131 <\/figcaption><\/figure>\n\n\n\n<p>Ham sa\u00e7 fiyatlar\u0131 sat\u0131n alamak istedi\u011finiz sa\u00e7 kalitesine uzunlu\u011funa,  rengine, dalgas\u0131na ve d\u00fczl\u00fc\u011f\u00fcne g\u00f6re ve sat\u0131n alaca\u011f\u0131n\u0131z miktara g\u00f6re  belirlenmektedir. Ham sa\u00e7 kilosu 720 dolardan ba\u015flamaktad\u0131r.  Fresi al\u0131nm\u0131\u015f platine kadar a\u00e7\u0131lan  100gr l\u0131k ambalajlarda sa\u00e7 kaynak ucu ve \u00e7\u0131t \u00e7\u0131t sa\u00e7 yap\u0131m\u0131 i\u00e7in haz\u0131r  sa\u00e7lar\u0131n yan\u0131 s\u0131ra fireli ve 200 graml\u0131k ba\u011flar halinde ham sa\u00e7  fiyatlar\u0131 daha ekonomik se\u00e7eneklerdendir. Hedefledi\u011finiz ham sa\u00e7  fiyatlar\u0131 hangi aral\u0131kta ise sizlerin ihtiyac\u0131na g\u00f6re sunmaktay\u0131z.  Piyasada bilindi\u011fi gibi birbiirnden farkl\u0131 ham sa\u00e7 fiyatlar\u0131 mevcuttur,  peruk, posti\u015f, \u00e7\u0131t \u00e7\u0131t sa\u00e7 ve sa\u00e7 kaynak \u00fcreticilerinin \u00fcretece\u011fi \u00fcr\u00fcne  g\u00f6re tercih edecekleri <strong>ham sa\u00e7 kilo fiyat\u0131<\/strong> de\u011fi\u015fmektedir. Genelde <strong><em><a aria-label=\" (yeni sekmede a\u00e7\u0131l\u0131r)\" href=\"http:\/\/citcitsac.gen.tr\/\" target=\"_blank\" rel=\"noreferrer noopener\">\u00e7\u0131t \u00e7\u0131t sa\u00e7<\/a><\/em><\/strong> ve <strong><a aria-label=\" (yeni sekmede a\u00e7\u0131l\u0131r)\" href=\"http:\/\/postis.gen.tr\/\" target=\"_blank\" rel=\"noreferrer noopener\">posti\u015f<\/a><\/strong> \u00fcretmek i\u00e7in tercih edilen daha maliyeti d\u00fc\u015f\u00fcn <em>ham sa\u00e7<\/em> iken ; <strong><em><a aria-label=\" (yeni sekmede a\u00e7\u0131l\u0131r)\" href=\"http:\/\/sachperuk.com\/sac-kaynak.html\" target=\"_blank\" rel=\"noreferrer noopener\">Sa\u00e7 kaynak<\/a><\/em><\/strong> \u00fcretmek i\u00e7in tercih edilen ham sa\u00e7 farkl\u0131d\u0131r.<\/p>\n\n\n\n<p><strong>Ham sa\u00e7 fiyatlar\u0131<\/strong> ara\u015ft\u0131r\u0131rken sizlere tavsiyem <strong><a href=\"http:\/\/hamsac.org\/ham-sac\/\" target=\"_blank\" rel=\"noreferrer noopener\" aria-label=\" (yeni sekmede a\u00e7\u0131l\u0131r)\">Ham Sa\u00e7<\/a><\/strong>  makalemizi okuman\u0131z olacakt\u0131r. Ham sa\u00e7 fiyatlar\u0131 hakk\u0131nda ayr\u0131nt\u0131l\u0131  bilgi alamak i\u00e7in 444 3 671 numaradan ham sa\u00e7 merkezini arayarak  fiyatlar ile ilgili ayr\u0131nt\u0131l\u0131 bilgi alabilirsiniz.<\/p>\n\n\n\n<p><strong><a href=\"http:\/\/hamsac.org\/ham-sac-toptancisi\/\" target=\"_blank\" rel=\"noreferrer noopener\" aria-label=\" (yeni sekmede a\u00e7\u0131l\u0131r)\">Ham sa\u00e7 toptanc\u0131s\u0131<\/a><\/strong><a href=\"http:\/\/hamsac.org\/ham-sac-toptancisi\/\" target=\"_blank\" rel=\"noreferrer noopener\" aria-label=\" (yeni sekmede a\u00e7\u0131l\u0131r)\"> <\/a>istedi\u011finiz kalitede, uzunluk ve miktarda ham sa\u00e7\u0131 toptan <strong>ham sa\u00e7 fiyatlar\u0131<\/strong> ile garantili tedarik etmektedir<\/p>\n\n\n\n<h2 class=\"wp-block-heading\">TOPTAN HAM SA\u00c7 F\u0130YATLARI<\/h2>\n\n\n\n<p>Ayr\u0131ca toptan \u00e7\u0131t \u00e7\u0131t sa\u00e7, posti\u015f ve sa\u00e7 kaynak \u00fcr\u00fcnlerini kilo ile  toptan sat\u0131n alabilirsiniz. Toptan ham sa\u00e7 sat\u0131\u015f\u0131m\u0131z minum 10Kg d\u0131r.  10Kg alt\u0131 miktarlarda <strong><em><a href=\"http:\/\/sachperuk.com\/ham-sac.html\" target=\"_blank\" rel=\"noreferrer noopener\" aria-label=\" (yeni sekmede a\u00e7\u0131l\u0131r)\">ham sa\u00e7 sat\u0131\u015f<\/a> <\/em><\/strong>sitemizden  temin edebilirsiniz. Ham sa\u00e7 sat\u0131\u015f sitemizdeki ham sa\u00e7 fiyatlar\u0131  parekende sat\u0131\u015f fiyatlar\u0131d\u0131r. Toptan ham sa\u00e7 al\u0131mlar\u0131n\u0131zda 444 3 671  numaradan bilgi alabilirsiniz.<\/p>\n\n\n\n<p>Toptan ham sa\u00e7 al\u0131mlar\u0131n\u0131zda sat\u0131n alaca\u011f\u0131n\u0131 z\u00fcr\u00fcnler istedi\u011finiz \n\u015fekilde haz\u0131rlanmaktad\u0131r. Yurtd\u0131\u015f\u0131 toptan sa\u00e7 al\u0131mlar\u0131n\u0131zda iste\u011finize \ng\u00f6re paketlenmektedir. Ham sa\u00e7 kilo fiyat\u0131 sa\u00e7\u0131n a\u00e7\u0131lma derecesine, remy\n olup olmamas\u0131na, uzunlu\u011funa g\u00f6re de\u011fi\u015fen etkenlerdir. L\u00fctfen ham sa\u00e7 \nfiyatlar\u0131 sorarken istedi\u011finiz uzunluk ve \u00f6zellikleri belirtiniz. En iyi\n ham sa\u00e7 fiyatlar\u0131 verebilece\u011fimizi unutmay\u0131n.<\/p>\n\n\n\n<p>Kaliteli Ham Sa\u00e7 Fiyatlar\u0131 \u0130le Piyasadaki Endonezya, Jakarta sa\u00e7lar\u0131n\u0131n fiyat\u0131 ile l\u00fctfen k\u0131yaslamay\u0131n.<\/p>\n","protected":false},"excerpt":{"rendered":"<p>HAM SA\u00c7 F\u0130YATLARI K\u0130LO F\u0130YATI VE TOPTAN F\u0130YATLARI \u0130\u00c7\u0130N WhatsApp: +90 532 442 72 24 Ham sa\u00e7 fiyatlar\u0131 sat\u0131n alamak istedi\u011finiz sa\u00e7 kalitesine uzunlu\u011funa, rengine, dalgas\u0131na ve d\u00fczl\u00fc\u011f\u00fcne g\u00f6re ve sat\u0131n alaca\u011f\u0131n\u0131z miktara g\u00f6re belirlenmektedir. Ham sa\u00e7 kilosu 720 dolardan ba\u015flamaktad\u0131r. Fresi al\u0131nm\u0131\u015f platine kadar a\u00e7\u0131lan 100gr<\/p>\n","protected":false},"author":1,"featured_media":0,"parent":0,"menu_order":0,"comment_status":"closed","ping_status":"closed","template":"","meta":{"footnotes":""},"tags":[],"class_list":["post-49","page","type-page","status-publish","hentry"],"aioseo_notices":[],"_links":{"self":[{"href":"http:\/\/www.hamsac.org\/index.php\/wp-json\/wp\/v2\/pages\/49","targetHints":{"allow":["GET"]}}],"collection":[{"href":"http:\/\/www.hamsac.org\/index.php\/wp-json\/wp\/v2\/pages"}],"about":[{"href":"http:\/\/www.hamsac.org\/index.php\/wp-json\/wp\/v2\/types\/page"}],"author":[{"embeddable":true,"href":"http:\/\/www.hamsac.org\/index.php\/wp-json\/wp\/v2\/users\/1"}],"replies":[{"embeddable":true,"href":"http:\/\/www.hamsac.org\/index.php\/wp-json\/wp\/v2\/comments?post=49"}],"version-history":[{"count":2,"href":"http:\/\/www.hamsac.org\/index.php\/wp-json\/wp\/v2\/pages\/49\/revisions"}],"predecessor-version":[{"id":116,"href":"http:\/\/www.hamsac.org\/index.php\/wp-json\/wp\/v2\/pages\/49\/revisions\/116"}],"wp:attachment":[{"href":"http:\/\/www.hamsac.org\/index.php\/wp-json\/wp\/v2\/media?parent=49"}],"wp:term":[{"taxonomy":"post_tag","embeddable":true,"href":"http:\/\/www.hamsac.org\/index.php\/wp-json\/wp\/v2\/tags?post=49"}],"curies":[{"name":"wp","href":"https:\/\/api.w.org\/{rel}","templated":true}]}}