

{"id":39,"date":"2019-07-23T16:29:13","date_gmt":"2019-07-23T13:29:13","guid":{"rendered":"http:\/\/www.hamsac.org\/?page_id=39"},"modified":"2019-07-23T16:29:13","modified_gmt":"2019-07-23T13:29:13","slug":"toptan-cit-cit-sac-satisi","status":"publish","type":"page","link":"http:\/\/www.hamsac.org\/index.php\/toptan-cit-cit-sac-satisi\/","title":{"rendered":"Toptan \u00c7\u0131t \u00c7\u0131t Sa\u00e7 Sat\u0131\u015f\u0131"},"content":{"rendered":"\n<div class=\"wp-block-image\"><figure class=\"alignleft\"><img loading=\"lazy\" decoding=\"async\" width=\"300\" height=\"225\" src=\"http:\/\/www.hamsac.org\/wp-content\/uploads\/2019\/07\/Toptan-C\u0327\u0131t-C\u0327\u0131t-Sac\u0327-Sat\u0131s\u0327\u01311-300x225.jpg\" alt=\"\" class=\"wp-image-40\" srcset=\"http:\/\/www.hamsac.org\/wp-content\/uploads\/2019\/07\/Toptan-C\u0327\u0131t-C\u0327\u0131t-Sac\u0327-Sat\u0131s\u0327\u01311-300x225.jpg 300w, http:\/\/www.hamsac.org\/wp-content\/uploads\/2019\/07\/Toptan-C\u0327\u0131t-C\u0327\u0131t-Sac\u0327-Sat\u0131s\u0327\u01311-768x576.jpg 768w, http:\/\/www.hamsac.org\/wp-content\/uploads\/2019\/07\/Toptan-C\u0327\u0131t-C\u0327\u0131t-Sac\u0327-Sat\u0131s\u0327\u01311.jpg 932w\" sizes=\"auto, (max-width: 300px) 100vw, 300px\" \/><figcaption>Toptan \u00c7\u0131t \u00c7\u0131t Sa\u00e7 Sat\u0131\u015f\u0131<\/figcaption><\/figure><\/div>\n\n\n\n<p>Toptan \u00c7\u0131t \u00c7\u0131t Sa\u00e7 Sat\u0131\u015f\u0131 1. Kalite ham sa\u00e7 ile imal edilmi\u015ftir. \nKuaf\u00f6r ve Malzemecilere Toptan \u00c7\u0131t \u00c7\u0131t Sa\u00e7 Sat\u0131\u015f\u0131m\u0131z Mevcuttur. Toptan \n\u00c7\u0131t \u00c7\u0131t Sa\u00e7 Sat\u0131\u015f\u0131 i\u00e7in 444 3 671 numaray\u0131 arayarak Sat\u0131\u015f \nTemsilcilerimiz ile g\u00f6r\u00fc\u015febilirsiniz.<\/p>\n","protected":false},"excerpt":{"rendered":"<p>Toptan \u00c7\u0131t \u00c7\u0131t Sa\u00e7 Sat\u0131\u015f\u0131 1. Kalite ham sa\u00e7 ile imal edilmi\u015ftir. Kuaf\u00f6r ve Malzemecilere Toptan \u00c7\u0131t \u00c7\u0131t Sa\u00e7 Sat\u0131\u015f\u0131m\u0131z Mevcuttur. Toptan \u00c7\u0131t \u00c7\u0131t Sa\u00e7 Sat\u0131\u015f\u0131 i\u00e7in 444 3 671 numaray\u0131 arayarak Sat\u0131\u015f Temsilcilerimiz ile g\u00f6r\u00fc\u015febilirsiniz.<\/p>\n","protected":false},"author":1,"featured_media":0,"parent":0,"menu_order":0,"comment_status":"closed","ping_status":"closed","template":"","meta":{"footnotes":""},"tags":[],"class_list":["post-39","page","type-page","status-publish","hentry"],"aioseo_notices":[],"_links":{"self":[{"href":"http:\/\/www.hamsac.org\/index.php\/wp-json\/wp\/v2\/pages\/39","targetHints":{"allow":["GET"]}}],"collection":[{"href":"http:\/\/www.hamsac.org\/index.php\/wp-json\/wp\/v2\/pages"}],"about":[{"href":"http:\/\/www.hamsac.org\/index.php\/wp-json\/wp\/v2\/types\/page"}],"author":[{"embeddable":true,"href":"http:\/\/www.hamsac.org\/index.php\/wp-json\/wp\/v2\/users\/1"}],"replies":[{"embeddable":true,"href":"http:\/\/www.hamsac.org\/index.php\/wp-json\/wp\/v2\/comments?post=39"}],"version-history":[{"count":1,"href":"http:\/\/www.hamsac.org\/index.php\/wp-json\/wp\/v2\/pages\/39\/revisions"}],"predecessor-version":[{"id":42,"href":"http:\/\/www.hamsac.org\/index.php\/wp-json\/wp\/v2\/pages\/39\/revisions\/42"}],"wp:attachment":[{"href":"http:\/\/www.hamsac.org\/index.php\/wp-json\/wp\/v2\/media?parent=39"}],"wp:term":[{"taxonomy":"post_tag","embeddable":true,"href":"http:\/\/www.hamsac.org\/index.php\/wp-json\/wp\/v2\/tags?post=39"}],"curies":[{"name":"wp","href":"https:\/\/api.w.org\/{rel}","templated":true}]}}