

{"id":35,"date":"2019-07-23T16:28:22","date_gmt":"2019-07-23T13:28:22","guid":{"rendered":"http:\/\/www.hamsac.org\/?page_id=35"},"modified":"2019-07-23T16:28:22","modified_gmt":"2019-07-23T13:28:22","slug":"dogal-sac-kaynak-satis","status":"publish","type":"page","link":"http:\/\/www.hamsac.org\/index.php\/dogal-sac-kaynak-satis\/","title":{"rendered":"Do\u011fal Sa\u00e7 Kaynak Sat\u0131\u015f"},"content":{"rendered":"\n<p>Do\u011fal Sa\u00e7 Kaynak Sat\u0131\u015f Toptan ve Perakende sa\u00e7 kayna\u011f\u0131 sat\u0131\u015f\u0131 i\u00e7in \n444 3 671 numaray\u0131 aray\u0131n\u0131z. %100 Do\u011fal ger\u00e7ek insan sa\u00e7\u0131 sa\u00e7 kaynaklar\u0131\n toptan al\u0131mlar\u0131n\u0131zda kilo ile sat\u0131lmaktad\u0131r. Kilo ile alaca\u011f\u0131n\u0131z sa\u00e7 \nkaynaklar\u0131 i\u00e7in toptan sat\u0131\u015flarda minumum 1 kilo s\u0131n\u0131r\u0131 vard\u0131r. \nAyr\u0131nt\u0131l\u0131 bilgi i\u00e7in Murat bey ile g\u00f6r\u00fc\u015f\u00fcn \u2026.<\/p>\n\n\n\n<div class=\"wp-block-image\"><figure class=\"aligncenter\"><img loading=\"lazy\" decoding=\"async\" width=\"932\" height=\"699\" src=\"http:\/\/www.hamsac.org\/wp-content\/uploads\/2019\/07\/Dog\u0306al-Sac\u0327-Kaynak-Sat\u0131s\u0327.jpg\" alt=\"\" class=\"wp-image-36\" srcset=\"http:\/\/www.hamsac.org\/wp-content\/uploads\/2019\/07\/Dog\u0306al-Sac\u0327-Kaynak-Sat\u0131s\u0327.jpg 932w, http:\/\/www.hamsac.org\/wp-content\/uploads\/2019\/07\/Dog\u0306al-Sac\u0327-Kaynak-Sat\u0131s\u0327-300x225.jpg 300w, http:\/\/www.hamsac.org\/wp-content\/uploads\/2019\/07\/Dog\u0306al-Sac\u0327-Kaynak-Sat\u0131s\u0327-768x576.jpg 768w\" sizes=\"auto, (max-width: 932px) 100vw, 932px\" \/><figcaption>Do\u011fal Sa\u00e7 Kaynak Sat\u0131\u015f<\/figcaption><\/figure><\/div>\n","protected":false},"excerpt":{"rendered":"<p>Do\u011fal Sa\u00e7 Kaynak Sat\u0131\u015f Toptan ve Perakende sa\u00e7 kayna\u011f\u0131 sat\u0131\u015f\u0131 i\u00e7in 444 3 671 numaray\u0131 aray\u0131n\u0131z. %100 Do\u011fal ger\u00e7ek insan sa\u00e7\u0131 sa\u00e7 kaynaklar\u0131 toptan al\u0131mlar\u0131n\u0131zda kilo ile sat\u0131lmaktad\u0131r. Kilo ile alaca\u011f\u0131n\u0131z sa\u00e7 kaynaklar\u0131 i\u00e7in toptan sat\u0131\u015flarda minumum 1 kilo s\u0131n\u0131r\u0131 vard\u0131r. Ayr\u0131nt\u0131l\u0131 bilgi i\u00e7in Murat bey ile<\/p>\n","protected":false},"author":1,"featured_media":0,"parent":0,"menu_order":0,"comment_status":"closed","ping_status":"closed","template":"","meta":{"footnotes":""},"tags":[],"class_list":["post-35","page","type-page","status-publish","hentry"],"aioseo_notices":[],"_links":{"self":[{"href":"http:\/\/www.hamsac.org\/index.php\/wp-json\/wp\/v2\/pages\/35","targetHints":{"allow":["GET"]}}],"collection":[{"href":"http:\/\/www.hamsac.org\/index.php\/wp-json\/wp\/v2\/pages"}],"about":[{"href":"http:\/\/www.hamsac.org\/index.php\/wp-json\/wp\/v2\/types\/page"}],"author":[{"embeddable":true,"href":"http:\/\/www.hamsac.org\/index.php\/wp-json\/wp\/v2\/users\/1"}],"replies":[{"embeddable":true,"href":"http:\/\/www.hamsac.org\/index.php\/wp-json\/wp\/v2\/comments?post=35"}],"version-history":[{"count":1,"href":"http:\/\/www.hamsac.org\/index.php\/wp-json\/wp\/v2\/pages\/35\/revisions"}],"predecessor-version":[{"id":38,"href":"http:\/\/www.hamsac.org\/index.php\/wp-json\/wp\/v2\/pages\/35\/revisions\/38"}],"wp:attachment":[{"href":"http:\/\/www.hamsac.org\/index.php\/wp-json\/wp\/v2\/media?parent=35"}],"wp:term":[{"taxonomy":"post_tag","embeddable":true,"href":"http:\/\/www.hamsac.org\/index.php\/wp-json\/wp\/v2\/tags?post=35"}],"curies":[{"name":"wp","href":"https:\/\/api.w.org\/{rel}","templated":true}]}}