

{"id":27,"date":"2019-07-23T16:25:57","date_gmt":"2019-07-23T13:25:57","guid":{"rendered":"http:\/\/www.hamsac.org\/?page_id=27"},"modified":"2019-07-23T16:25:57","modified_gmt":"2019-07-23T13:25:57","slug":"ham-sac-satisi","status":"publish","type":"page","link":"http:\/\/www.hamsac.org\/index.php\/ham-sac-satisi\/","title":{"rendered":"Ham Sa\u00e7 Sat\u0131\u015f\u0131"},"content":{"rendered":"\n<h4 class=\"wp-block-heading\">Ham Sa\u00e7 Sat\u0131\u015f\u0131 ve Toptan Ham Sa\u00e7 Al\u0131m\u0131 i\u00e7in L\u00fcfen 444 3 671 numaray\u0131 aray\u0131n\u0131z.<\/h4>\n\n\n\n<div class=\"wp-block-image\"><figure class=\"aligncenter\"><img loading=\"lazy\" decoding=\"async\" width=\"932\" height=\"699\" src=\"http:\/\/www.hamsac.org\/wp-content\/uploads\/2019\/07\/Ham-Sac\u0327-Sat\u0131s\u0327\u01311.jpg\" alt=\"\" class=\"wp-image-28\" srcset=\"http:\/\/www.hamsac.org\/wp-content\/uploads\/2019\/07\/Ham-Sac\u0327-Sat\u0131s\u0327\u01311.jpg 932w, http:\/\/www.hamsac.org\/wp-content\/uploads\/2019\/07\/Ham-Sac\u0327-Sat\u0131s\u0327\u01311-300x225.jpg 300w, http:\/\/www.hamsac.org\/wp-content\/uploads\/2019\/07\/Ham-Sac\u0327-Sat\u0131s\u0327\u01311-768x576.jpg 768w\" sizes=\"auto, (max-width: 932px) 100vw, 932px\" \/><figcaption>Ham-Sac\u0327-Sat\u0131s\u0327\u0131<\/figcaption><\/figure><\/div>\n","protected":false},"excerpt":{"rendered":"<p>Ham Sa\u00e7 Sat\u0131\u015f\u0131 ve Toptan Ham Sa\u00e7 Al\u0131m\u0131 i\u00e7in L\u00fcfen 444 3 671 numaray\u0131 aray\u0131n\u0131z.<\/p>\n","protected":false},"author":1,"featured_media":0,"parent":0,"menu_order":0,"comment_status":"closed","ping_status":"closed","template":"","meta":{"footnotes":""},"tags":[],"class_list":["post-27","page","type-page","status-publish","hentry"],"aioseo_notices":[],"_links":{"self":[{"href":"http:\/\/www.hamsac.org\/index.php\/wp-json\/wp\/v2\/pages\/27","targetHints":{"allow":["GET"]}}],"collection":[{"href":"http:\/\/www.hamsac.org\/index.php\/wp-json\/wp\/v2\/pages"}],"about":[{"href":"http:\/\/www.hamsac.org\/index.php\/wp-json\/wp\/v2\/types\/page"}],"author":[{"embeddable":true,"href":"http:\/\/www.hamsac.org\/index.php\/wp-json\/wp\/v2\/users\/1"}],"replies":[{"embeddable":true,"href":"http:\/\/www.hamsac.org\/index.php\/wp-json\/wp\/v2\/comments?post=27"}],"version-history":[{"count":1,"href":"http:\/\/www.hamsac.org\/index.php\/wp-json\/wp\/v2\/pages\/27\/revisions"}],"predecessor-version":[{"id":30,"href":"http:\/\/www.hamsac.org\/index.php\/wp-json\/wp\/v2\/pages\/27\/revisions\/30"}],"wp:attachment":[{"href":"http:\/\/www.hamsac.org\/index.php\/wp-json\/wp\/v2\/media?parent=27"}],"wp:term":[{"taxonomy":"post_tag","embeddable":true,"href":"http:\/\/www.hamsac.org\/index.php\/wp-json\/wp\/v2\/tags?post=27"}],"curies":[{"name":"wp","href":"https:\/\/api.w.org\/{rel}","templated":true}]}}