

{"id":14,"date":"2019-07-23T15:59:56","date_gmt":"2019-07-23T12:59:56","guid":{"rendered":"http:\/\/www.hamsac.org\/?page_id=14"},"modified":"2019-08-27T12:53:56","modified_gmt":"2019-08-27T09:53:56","slug":"ham-sac","status":"publish","type":"page","link":"http:\/\/www.hamsac.org\/index.php\/ham-sac\/","title":{"rendered":"Ham Sa\u00e7"},"content":{"rendered":"\n<h4 class=\"wp-block-heading\">Ham Sa\u00e7 Nedir ?<\/h4>\n\n\n\n<div class=\"wp-block-image\"><figure class=\"alignright\"><img loading=\"lazy\" decoding=\"async\" width=\"300\" height=\"229\" src=\"http:\/\/www.hamsac.org\/wp-content\/uploads\/2019\/07\/Ham-Sac\u0327-Al-14-300x229.jpg\" alt=\"\" class=\"wp-image-15\" srcset=\"http:\/\/www.hamsac.org\/wp-content\/uploads\/2019\/07\/Ham-Sac\u0327-Al-14-300x229.jpg 300w, http:\/\/www.hamsac.org\/wp-content\/uploads\/2019\/07\/Ham-Sac\u0327-Al-14.jpg 687w\" sizes=\"auto, (max-width: 300px) 100vw, 300px\" \/><figcaption>ham-sac<\/figcaption><\/figure><\/div>\n\n\n\n<p><strong><a rel=\"noreferrer noopener\" aria-label=\" (yeni sekmede a\u00e7\u0131l\u0131r)\" href=\"http:\/\/hamsac.org\/\" target=\"_blank\">Ham sa\u00e7<\/a><\/strong>  sa\u00e7lar\u0131 uzun olan insanlardan kesilerek elde edilen herhangi bir i\u015flem  (\u00e7\u0131t \u00e7\u0131t sa\u00e7, posti\u015f, peruk ve sa\u00e7 kaynak ) i\u015flemleri i\u00e7in haz\u0131rlanmam\u0131\u015f  sa\u00e7\u0131n direkt olarak kesilmi\u015f haline ham sa\u00e7 denir. Bu t\u00fcr sa\u00e7lara  uluslar aras\u0131 terminolojide remy bulk hair denir. Yani Remy Ham Sa\u00e7  anlam\u0131na gelir ham sa\u00e7larda kendi aras\u0131nda kalitelere ayr\u0131l\u0131r A-Grade,  AA-Grade, AAAA-Grade, AAAAA-Grade, AAAAAA-Grade ve AAAAAAA-Grade olmak  \u00fczere 7 s\u0131n\u0131fa ayr\u0131lm\u0131\u015ft\u0131r. Ham Sa\u00e7 uzman\u0131 Murat Koluk\u0131r\u0131k sizlere bu  ham sa\u00e7 s\u0131n\u0131flar\u0131 aras\u0131ndaki kalite faklar\u0131n\u0131 sizlere ayr\u0131nt\u0131l\u0131 bir  \u015fekilde a\u00e7\u0131klayacakt\u0131r.<\/p>\n\n\n\n<p>1A, 2A, 3A, 4A, 5A, 6A, 7A<\/p>\n\n\n\n<div class=\"wp-block-image\"><figure class=\"alignleft\"><img loading=\"lazy\" decoding=\"async\" width=\"300\" height=\"229\" src=\"http:\/\/www.hamsac.org\/wp-content\/uploads\/2019\/07\/Ham-Sac\u0327-Al-15-300x229.jpg\" alt=\"\" class=\"wp-image-16\" srcset=\"http:\/\/www.hamsac.org\/wp-content\/uploads\/2019\/07\/Ham-Sac\u0327-Al-15-300x229.jpg 300w, http:\/\/www.hamsac.org\/wp-content\/uploads\/2019\/07\/Ham-Sac\u0327-Al-15.jpg 687w\" sizes=\"auto, (max-width: 300px) 100vw, 300px\" \/><figcaption>ham-sac<\/figcaption><\/figure><\/div>\n\n\n\n<h2 class=\"wp-block-heading\">Ham Sa\u00e7ta Kaliteyi Ne Belirler?<\/h2>\n\n\n\n<p>Ham sa\u00e7ta kaliteyi sa\u00e7\u0131n kullan\u0131m \u00f6mr\u00fc, rengi, dokusu ve parlakl\u0131\u011f\u0131 \nbelirler bu \u00f6zelliklerin hepsinin bir arada olmas\u0131 sa\u00e7a en y\u00fcksek kalite\n puan\u0131 olan \u201c7A Grade Superior Human Hair\u201d Sa\u00e7 rengi do\u011fal olarak ne \nkadar a\u00e7\u0131k renk ise kalite puan\u0131na 1 A eklenmektedir.<br>\nDokusu ipeksi d\u00fcz, dalgal\u0131 ve ya k\u0131v\u0131rc\u0131k ise yine 1 A eklenir. Sa\u00e7\u0131n \ni\u00e7erisinde k\u0131sa oran\u0131 3\/1 oran\u0131ndan ba\u015fl\u0131yor ise yani 60 cm sa\u00e7 i\u00e7inde \nk\u0131sa sa\u00e7lar\u0131n ba\u015flang\u0131c\u0131 40 cm ve daha uzunsa 1 A daha ve en \u00f6nemlisi \nuluslar aras\u0131 sa\u00e7 piyasas\u0131nda en makbul olan sa\u00e7 direkt olarak bir \nki\u015finin sa\u00e7\u0131ndan kesilmi\u015f olan sa\u00e7t\u0131r.<\/p>\n\n\n\n<div class=\"wp-block-image\"><figure class=\"alignright\"><img loading=\"lazy\" decoding=\"async\" width=\"300\" height=\"172\" src=\"http:\/\/www.hamsac.org\/wp-content\/uploads\/2019\/07\/Ham-Sac\u0327-Sach-Peruk-32-300x172.jpg\" alt=\"\" class=\"wp-image-17\"\/><figcaption>Ham-Sac\u0327-Sach-Peruk<br><\/figcaption><\/figure><\/div>\n\n\n\n<p>Belki baz\u0131lar\u0131n\u0131zda ne yani direk olarak insan ba\u015f\u0131ndan kesilmi\u015f sa\u00e7 \nharicinde ne olabilir ki? Diye d\u00fc\u015f\u00fcnenleriniz varsa siz hemen \na\u00e7\u0131klayay\u0131m. T\u00fcrkiye ve Avrupa\u2019da olmayan bir adet Uzakdo\u011fu \u00fclkeleri \n\u00c7in, Hindistan ev Endonezya gibi \u00fclkelerde sa\u00e7lar\u0131n\u0131 f\u0131r\u00e7alad\u0131ktan sonra\n d\u00f6k\u00fclen sa\u00e7lar\u0131n\u0131 biriktirerek sa\u00e7 toplayan ki\u015filere satmak gibi bir \nuygulama Uzakdo\u011fu \u00fclkelerinde \u00e7ok b\u00fcy\u00fck bir sekt\u00f6r. Toplanan bu sa\u00e7lar \nbir araya getirilerek sa\u00e7 kaynak, \u00e7\u0131t \u00e7\u0131t sa\u00e7, posti\u015f gibi ham sa\u00e7tan \n\u00fcretilen \u00fcr\u00fcnler elde edilmektedir.<\/p>\n\n\n\n<div class=\"wp-block-image\"><figure class=\"alignleft\"><img loading=\"lazy\" decoding=\"async\" width=\"300\" height=\"200\" src=\"http:\/\/www.hamsac.org\/wp-content\/uploads\/2019\/07\/ham-sac\u0327-5A-300x200.jpg\" alt=\"\" class=\"wp-image-18\"\/><figcaption>ham-sac<\/figcaption><\/figure><\/div>\n\n\n\n<p>Bu toplama sa\u00e7lar sa\u011fl\u0131ks\u0131z d\u00f6k\u00fclen sa\u00e7lar oldu\u011fu i\u00e7in genelde mat ve\n donuktur ve 8 numaradan yukar\u0131ya a\u00e7\u0131lmaz. Ayr\u0131ca bir \u00e7ok ki\u015finin \nsa\u00e7\u0131ndan elde edildi\u011fi i\u00e7in her sa\u00e7\u0131n a\u00e7\u0131lma derecesi ve yans\u0131mas\u0131 \nfarkl\u0131 olur. Ki\u015finin ba\u015f\u0131ndan kesilmedi\u011fi i\u00e7in sa\u00e7\u0131n \u00fcst tabakas\u0131nda \nk\u00fctik\u00fcl tabakas\u0131 ters d\u00fcz istiflenmi\u015ftir. Sa\u00e7 kaynak ve ham sa\u00e7 uzman\u0131 \nMurat Koluk\u0131r\u0131k bu t\u00fcr sa\u00e7lara Non Remy Sa\u00e7 demektedir. Bu sa\u00e7lar sa\u00e7 \nkaynak uygulamalar\u0131nda mutlak suretle kar\u0131\u015f\u0131p dola\u015fmaktad\u0131r. Non Remy \nsa\u00e7lar diplerde toplama yapmaktad\u0131r. Hani sa\u00e7 kaynak yapt\u0131ran m\u00fc\u015fteriler\n \u201csa\u00e7 kaynak yapt\u0131rd\u0131m dola\u015ft\u0131 ve 1 kutu krem ile zor a\u00e7t\u0131m, her sa\u00e7 \ny\u0131kamam kabuz oluyor y\u0131kamak istemiyorum yat\u0131p kalkt\u0131\u011f\u0131mda sa\u00e7 \nkaynaklar\u0131m\u0131n dipleri toplan\u0131yor diye \u015fikayette bulunuyorsa bunun nedeni\n Non remy sa\u00e7t\u0131r. Ayr\u0131ca bu sa\u00e7lar karamel tonlar\u0131na kadar a\u00e7\u0131l\u0131r ve \na\u00e7\u0131k sar\u0131 tonlar\u0131n\u0131 elde edemezsiniz.<\/p>\n\n\n\n<p>Ham sa\u00e7 sekt\u00f6r\u00fcnde ne yaz\u0131k ki sa\u00e7tan anlamayan ki\u015filer sadece \nticaret yapmak amac\u0131 ile uzak do\u011fudan \u00e7ok ucuz sa\u00e7 getirerek T\u00fcrkiye\u2019de \nham sa\u00e7 sat\u0131\u015f\u0131 yapmaktad\u0131r. Bu ki\u015filerin pazarl\u0131k a\u015famas\u0131nda ne t\u00fcr sa\u00e7 \nistedikleri soruldu\u011funda tek kelime \u201cUCUZ HAM SA\u00c7\u201d istediklerini \nbelirtiyorlar. Ham sa\u00e7 uzman\u0131 olarak ben Murat Koluk\u0131r\u0131k bu sa\u00e7lara \u201c\u00c7\u00f6p\n Sa\u00e7\u201d diyorum. Ne yaz\u0131k ki Anadolu\u2019nun \u00e7e\u015fitli b\u00f6lgelerinde tekstil, \nkozmetik, in\u015faat ve g\u00fcmr\u00fck\u00e7\u00fcl\u00fck sekt\u00f6r\u00fcnde ticaret yapan ve bir \u015fans \nolarak ta ham sa\u00e7 toptan sat\u0131\u015f\u0131 yapmaya \u00e7al\u0131\u015fmaktad\u0131rlar. Piyasaya \nyukar\u0131da 1A dan \u2013 7A ya kadar farkl\u0131 kalitedeki sa\u00e7lar\u0131n i\u00e7inde siz \ntahmin edin hangi sa\u00e7lar piyasaya girmektedir? Siz tahmin edin.<\/p>\n\n\n\n<div class=\"wp-block-image\"><figure class=\"alignright\"><img loading=\"lazy\" decoding=\"async\" width=\"687\" height=\"525\" src=\"http:\/\/www.hamsac.org\/wp-content\/uploads\/2019\/07\/Ham-Sac\u0327-Al-17.jpg\" alt=\"\" class=\"wp-image-19\" srcset=\"http:\/\/www.hamsac.org\/wp-content\/uploads\/2019\/07\/Ham-Sac\u0327-Al-17.jpg 687w, http:\/\/www.hamsac.org\/wp-content\/uploads\/2019\/07\/Ham-Sac\u0327-Al-17-300x229.jpg 300w\" sizes=\"auto, (max-width: 687px) 100vw, 687px\" \/><figcaption>ham-sac<\/figcaption><\/figure><\/div>\n\n\n\n<p>Tahmin i\u00e7in l\u00fctfen acele etmeyin a\u015fa\u011f\u0131daki yaz\u0131n\u0131n sonuna kadar okuyun.<\/p>\n\n\n\n<p>Ham sa\u00e7 \u00f6mr\u00fc = Y\u00fcksek Kalite ;Sa\u00e7 s\u0131n\u0131flar\u0131 i\u00e7inde en \u00fcst seviye \nsa\u00e7lar\u0131 5A\/6A ve 7A S\u0131n\u0131f\u0131 sa\u00e7lard\u0131r. Bu sa\u00e7lar platin rengine kadar \nrahatl\u0131kla a\u00e7\u0131l\u0131r, parlak, yumu\u015fak ve canl\u0131 bir g\u00f6r\u00fcn\u00fcme sahiptir. 5A\/6A\n ve 7A S\u0131n\u0131f\u0131 ham sa\u00e7lar sa\u00e7 kaynak, \u00e7\u0131t \u00e7\u0131t sa\u00e7, posti\u015f gibi \u00fcr\u00fcnlerde \nkar\u0131\u015fma dola\u015fma yapmaz.<\/p>\n\n\n\n<p>5A\/6A ve 7A S\u0131n\u0131f\u0131 y\u00fcksek kalite ham sa\u00e7lar ham sa\u00e7 toplay\u0131c\u0131lar\u0131 \ntaraf\u0131ndan ilave olarak do\u011fru bak\u0131m ve muhafazas\u0131 ile de\u011ferleri \nkorunabilmektedir.<\/p>\n\n\n\n<h2 class=\"wp-block-heading\"><a href=\"https:\/\/web.archive.org\/web\/20180901055103\/http:\/\/hamsac.org\/wp-content\/uploads\/2013\/11\/Ham-Sa\u00e7-Al-1.jpg\"><\/a><\/h2>\n\n\n\n<p>1A-2A ve 3A Grade sa\u00e7lar bazen \u00e7ok kuru, sa\u00e7 u\u00e7lar\u0131 a\u015f\u0131r\u0131 k\u0131r\u0131k, sa\u00e7 \ni\u00e7erinde \u00e7ok fazla beyaz sa\u00e7, k\u0131nal\u0131 ve fakl\u0131 renklerde yans\u0131maya sahip \nboyal\u0131 sa\u00e7lar mevcuttur. \u0130\u015flem g\u00f6rm\u00fc\u015f (Boya, K\u0131na, Perma) gibi i\u015flemler \nve Non Remy sa\u00e7lar\u0131n\u0131n k\u00fctik\u00fcl tabakas\u0131 ayn\u0131 y\u00f6ne bakmaz. Son teknoloji \nsilikon bazl\u0131 kaplay\u0131c\u0131 bak\u0131mlar ile bir ka\u00e7 y\u0131kamaya kadar m\u00fckemmel bir\n g\u00f6r\u00fcn\u00fcmde kal\u0131r. Bu d\u00fc\u015f\u00fck kalite sa\u00e7lar piyasada ucuz sa\u00e7 satan \nyerlerde s\u00fcrekli bulabilirsiniz.<\/p>\n\n\n\n<div class=\"wp-block-image\"><figure class=\"alignleft\"><img loading=\"lazy\" decoding=\"async\" width=\"300\" height=\"229\" src=\"http:\/\/www.hamsac.org\/wp-content\/uploads\/2019\/07\/Ham-Sac\u0327-Al-1-300x229.jpg\" alt=\"\" class=\"wp-image-20\" srcset=\"http:\/\/www.hamsac.org\/wp-content\/uploads\/2019\/07\/Ham-Sac\u0327-Al-1-300x229.jpg 300w, http:\/\/www.hamsac.org\/wp-content\/uploads\/2019\/07\/Ham-Sac\u0327-Al-1.jpg 687w\" sizes=\"auto, (max-width: 300px) 100vw, 300px\" \/><figcaption>ham-sac<\/figcaption><\/figure><\/div>\n\n\n\n<p>Ayr\u0131ca bu sa\u00e7lar\u0131n dola\u015fma ve kar\u0131\u015fmas\u0131n\u0131 engellemek i\u00e7in asit \nbanyosu ile k\u00fctik\u00fcl tabakas\u0131 sa\u00e7tan al\u0131narak sa\u00e7\u0131n dola\u015fmas\u0131 \nengellenmektedir. Bu sa\u00e7lar a\u00e7ma ve renklendirme i\u015flemlerine uygun \nde\u011fildir.<\/p>\n\n\n\n<p>3A ham sa\u00e7 4A ham sa\u00e7 i\u015flem g\u00f6rmemi\u015f (Virgin Hair) olarak ta bilinir \nfakat bu sa\u00e7 remy de\u011fildir. Bu s\u0131n\u0131f sa\u00e7 aras\u0131ndaki fark\u0131 anlamak \nzordur. Bu t\u00fcr sa\u00e7lar \u00e7ok \u00e7abuk k\u0131r\u0131l\u0131r ve sa\u00e7a yap\u0131lan iyi k\u00f6kl\u00fc bir \nbak\u0131m ile uzun s\u00fcre bak\u0131ml\u0131, parlak g\u00f6r\u00fcn\u00fcr genelde piyasada sa\u00e7tan \nanlamayan sat\u0131c\u0131lar taraf\u0131ndan kaliteli sa\u00e7 olarak sat\u0131lmaktad\u0131r. \nAvrupa\u2019da sa\u00e7 \u00fcreten bir \u00e7ok firma markalar\u0131n\u0131n ard\u0131na gizlenerek ne \nyaz\u0131k ki sa\u00e7tan anlamayan Avrupal\u0131 kuaf\u00f6rlere ve son kullan\u0131c\u0131lara bu \nsa\u00e7lar\u0131 kaliteli sa\u00e7 olarak satmaktad\u0131rlar. Bu sa\u00e7lar boyanabilir, 3 ay \ns\u00fcresince sorunsuzca kullan\u0131l\u0131r. Bu sa\u00e7lar genelde uzak do\u011fu ve \nHindistan dan tedarik edilmektedir.<\/p>\n\n\n\n<p>K\u0131sa s\u00fcreli kullan\u0131mlar i\u00e7in ideal olan 3A ve 4A ham sa\u00e7 d\u00fc\u015f\u00fck \nb\u00fct\u00e7eye sahip olanlar i\u00e7in ideal bir se\u00e7imdir. 5A \u201cFull Cuticle Virgin \nHair\u201d 6A ve 7A K\u00fctik\u00fcl tabakas\u0131 tamam\u0131 ile mevcut hepsi ayn\u0131 y\u00f6ne bakan,\n hi\u00e7 i\u015flem g\u00f6rmemi\u015f ve ham sa\u00e7lar en de\u011ferlileridir. En uzun s\u00fcre \ni\u015flemlere dayan\u0131kl\u0131 olan bu sa\u00e7lar en kalite sa\u00e7 s\u0131n\u0131f\u0131n\u0131n \u00f6zelliklerini\n ta\u015f\u0131r. Bu sa\u00e7lar uzun sa\u00e7lara sahip ki\u015filerden direk olarak kesilerek \nal\u0131nmaktad\u0131r.<\/p>\n\n\n\n<p>Bu sa\u00e7lar\u0131 tek kez tarama yada \u00e7ift kez taramak (Single\/Double Drawn)\n Sa\u00e7\u0131n i\u00e7indeki k\u0131sa sa\u00e7 oran\u0131n\u0131n azalt\u0131lmas\u0131 sa\u00e7\u0131n kalitesini y\u00fckselten\n fakt\u00f6rlerdir.<\/p>\n\n\n\n<p>Bir kez taranarak firesi al\u0131nm\u0131\u015f olan sa\u00e7 fiyat\u0131 ile iki kez \ntaranarak sa\u00e7 i\u00e7indeki k\u0131sa sa\u00e7lar\u0131n tamam\u0131 ile al\u0131nm\u0131\u015f sa\u00e7lar\u0131n \nfiyatlar\u0131 iki kat\u0131na kadar artmaktad\u0131r.<\/p>\n\n\n\n<p>Biz SACH olarak \u00d6zbekistan ve T\u00fcrkmenistan\u2019dan direkt olarak da\u011flarda  k\u00f6yl\u00fc k\u0131zlar\u0131n sa\u00e7lar\u0131ndan kesilerek toplanm\u0131\u015f, i\u015flem g\u00f6rmemi\u015f tamam\u0131  ile organik sa\u00e7lar 5A\/6A ve 7A Grade ham sa\u00e7 merkezimizde toptan ham  sa\u00e7, \u00e7\u0131t \u00e7\u0131t sa\u00e7, posti\u015f ve sa\u00e7 kaynak \u00fcr\u00fcnleri i\u00e7in \u00fcretilmek amac\u0131 ile  taraf\u0131m\u0131zdan ithal edilen ham sa\u00e7lar g\u00fcvenerek alabilece\u011finiz \u00fcr\u00fcnleri  444 3 671 numaradan ham sa\u00e7 merkezimizi arayarak adrese teslim sipari\u015f  verebilir. Yada <a rel=\"noreferrer noopener\" href=\"https:\/\/web.archive.org\/web\/20180901055103\/http:\/\/hamsac.org\/iletisim\/\" target=\"_blank\">ileti\u015fim<\/a>  b\u00f6l\u00fcm\u00fcnden ula\u015fabilece\u011finiz adresimizden Ham Sa\u00e7 Merkezimizi ziyaret  ederek toptan ve perakende \u00e7\u0131t \u00e7\u0131t sa\u00e7, sa\u00e7 kaynak, peruk, posti\u015f  \u00fcr\u00fcnlerini sat\u0131n alabilirsiniz.<\/p>\n\n\n\n<figure class=\"wp-block-embed-youtube aligncenter wp-block-embed is-type-video is-provider-youtube wp-embed-aspect-16-9 wp-has-aspect-ratio\"><div class=\"wp-block-embed__wrapper\">\n<iframe loading=\"lazy\" title=\"Sach Hair Extensions Manufacturer  Production Center\" width=\"600\" height=\"338\" src=\"https:\/\/www.youtube.com\/embed\/zYXsstil0C8?feature=oembed\" frameborder=\"0\" allow=\"accelerometer; autoplay; clipboard-write; encrypted-media; gyroscope; picture-in-picture; web-share\" referrerpolicy=\"strict-origin-when-cross-origin\" allowfullscreen><\/iframe>\n<\/div><\/figure>\n","protected":false},"excerpt":{"rendered":"<p>Ham Sa\u00e7 Nedir ? Ham sa\u00e7 sa\u00e7lar\u0131 uzun olan insanlardan kesilerek elde edilen herhangi bir i\u015flem (\u00e7\u0131t \u00e7\u0131t sa\u00e7, posti\u015f, peruk ve sa\u00e7 kaynak ) i\u015flemleri i\u00e7in haz\u0131rlanmam\u0131\u015f sa\u00e7\u0131n direkt olarak kesilmi\u015f haline ham sa\u00e7 denir. Bu t\u00fcr sa\u00e7lara uluslar aras\u0131 terminolojide remy bulk hair denir. Yani<\/p>\n","protected":false},"author":1,"featured_media":0,"parent":0,"menu_order":0,"comment_status":"closed","ping_status":"closed","template":"","meta":{"footnotes":""},"tags":[3,5,4,6,8,9],"class_list":["post-14","page","type-page","status-publish","hentry","tag-ham-sac","tag-ham-sac-nedir","tag-ham-sac-satis","tag-sac-kaynak","tag-sac-kaynak-merkezi","tag-sach"],"aioseo_notices":[],"_links":{"self":[{"href":"http:\/\/www.hamsac.org\/index.php\/wp-json\/wp\/v2\/pages\/14","targetHints":{"allow":["GET"]}}],"collection":[{"href":"http:\/\/www.hamsac.org\/index.php\/wp-json\/wp\/v2\/pages"}],"about":[{"href":"http:\/\/www.hamsac.org\/index.php\/wp-json\/wp\/v2\/types\/page"}],"author":[{"embeddable":true,"href":"http:\/\/www.hamsac.org\/index.php\/wp-json\/wp\/v2\/users\/1"}],"replies":[{"embeddable":true,"href":"http:\/\/www.hamsac.org\/index.php\/wp-json\/wp\/v2\/comments?post=14"}],"version-history":[{"count":2,"href":"http:\/\/www.hamsac.org\/index.php\/wp-json\/wp\/v2\/pages\/14\/revisions"}],"predecessor-version":[{"id":70,"href":"http:\/\/www.hamsac.org\/index.php\/wp-json\/wp\/v2\/pages\/14\/revisions\/70"}],"wp:attachment":[{"href":"http:\/\/www.hamsac.org\/index.php\/wp-json\/wp\/v2\/media?parent=14"}],"wp:term":[{"taxonomy":"post_tag","embeddable":true,"href":"http:\/\/www.hamsac.org\/index.php\/wp-json\/wp\/v2\/tags?post=14"}],"curies":[{"name":"wp","href":"https:\/\/api.w.org\/{rel}","templated":true}]}}